{"id":2,"date":"2016-01-06T13:45:46","date_gmt":"2016-01-06T13:45:46","guid":{"rendered":"http:\/\/zahnarzt-pfleger.de\/wp-zahnarzt\/?page_id=2"},"modified":"2026-05-06T12:20:49","modified_gmt":"2026-05-06T10:20:49","slug":"home-1","status":"publish","type":"page","link":"https:\/\/www.zahnarzt-pfleger.de\/wp-zahnarzt\/wp2026\/","title":{"rendered":"Home"},"content":{"rendered":"\t\t<div data-elementor-type=\"wp-page\" data-elementor-id=\"2\" class=\"elementor elementor-2\">\n\t\t\t\t<div class=\"elementor-element elementor-element-91bc394 e-flex e-con-boxed sc_layouts_column_icons_position_left e-con e-parent\" data-id=\"91bc394\" data-element_type=\"container\" data-e-type=\"container\">\n\t\t\t\t\t<div class=\"e-con-inner\">\n\t\t\t\t<div class=\"elementor-element elementor-element-9c25043 sc_fly_static elementor-widget elementor-widget-trx_widget_slider\" data-id=\"9c25043\" data-element_type=\"widget\" data-e-type=\"widget\" data-widget_type=\"trx_widget_slider.default\">\n\t\t\t\t<div class=\"elementor-widget-container\">\n\t\t\t\t\t<div class=\"widget_area sc_widget_slider\"><aside class=\"widget widget_slider\">\t\t\t<div class=\"slider_wrap slider_engine_revo slider_alias_homesteffenpfleger\">\n\t\t\t\t<div class=\"wp-block-themepunch-revslider 0\">\n\t\t\t<!-- START HomeSteffenPfleger REVOLUTION SLIDER 6.7.41 --><p class=\"rs-p-wp-fix\"><\/p>\n\t\t\t<rs-module-wrap id=\"rev_slider_3_1_wrapper\" data-source=\"gallery\" style=\"visibility:hidden;background:transparent;padding:0;margin:0px auto;margin-top:0;margin-bottom:0;\">\n\t\t\t\t<rs-module id=\"rev_slider_3_1\" style=\"\" data-version=\"6.7.41\">\n\t\t\t\t\t<rs-slides style=\"overflow: hidden; position: absolute;\">\n\t\t\t\t\t\t<rs-slide style=\"position: absolute;\" data-key=\"rs-7\" data-title=\"Slide\" data-thumb=\"\/\/www.zahnarzt-pfleger.de\/wp-zahnarzt\/wp2026\/wp-zahnarzt\/wp-content\/uploads\/2017\/01\/BG1-1-100x50.jpg\" data-anim=\"ms:600;\" data-in=\"o:0;\" data-out=\"a:false;\">\n\t\t\t\t\t\t\t<img decoding=\"async\" src=\"\/\/www.zahnarzt-pfleger.de\/wp-zahnarzt\/wp2026\/wp-zahnarzt\/wp-content\/plugins\/revslider\/sr6\/assets\/assets\/dummy.png\" alt=\"\" title=\"Home\" class=\"rev-slidebg tp-rs-img rs-lazyload\" data-lazyload=\"\/\/www.zahnarzt-pfleger.de\/wp-zahnarzt\/wp2026\/wp-zahnarzt\/wp-content\/uploads\/2017\/01\/BG1-1.jpg\" data-parallax=\"off\" data-no-retina>\n<!--\n\t\t\t\t\t\t\t--><rs-layer\n\t\t\t\t\t\t\t\tid=\"slider-3-slide-7-layer-1\" \n\t\t\t\t\t\t\t\tdata-type=\"image\"\n\t\t\t\t\t\t\t\tdata-rsp_ch=\"on\"\n\t\t\t\t\t\t\t\tdata-xy=\"x:-143px;y:-1px;\"\n\t\t\t\t\t\t\t\tdata-text=\"l:22;\"\n\t\t\t\t\t\t\t\tdata-dim=\"w:623px;h:517px;\"\n\t\t\t\t\t\t\t\tdata-frame_0=\"sX:2;sY:2;\"\n\t\t\t\t\t\t\t\tdata-frame_0_mask=\"u:t;\"\n\t\t\t\t\t\t\t\tdata-frame_1=\"e:power2.out;st:750;sp:1500;\"\n\t\t\t\t\t\t\t\tdata-frame_1_mask=\"u:t;\"\n\t\t\t\t\t\t\t\tdata-frame_999=\"sX:1.25;sY:1.25;o:0;e:power0.inOut;st:8600;sp:600;\"\n\t\t\t\t\t\t\t\tstyle=\"z-index:5;\"\n\t\t\t\t\t\t\t><img fetchpriority=\"high\" decoding=\"async\" src=\"\/\/www.zahnarzt-pfleger.de\/wp-zahnarzt\/wp2026\/wp-zahnarzt\/wp-content\/plugins\/revslider\/sr6\/assets\/assets\/dummy.png\" alt=\"Zahnarzt Dr. Pfleger Sassanfahrt Hirschaid\" class=\"tp-rs-img rs-lazyload\" width=\"623\" height=\"517\" data-lazyload=\"\/\/www.zahnarzt-pfleger.de\/wp-zahnarzt\/wp2026\/wp-zahnarzt\/wp-content\/uploads\/2024\/09\/drsteffenpfleger2024.png\" data-no-retina> \n\t\t\t\t\t\t\t<\/rs-layer><!--\n\n\t\t\t\t\t\t\t--><a\n\t\t\t\t\t\t\t\tid=\"slider-3-slide-7-layer-2\" \n\t\t\t\t\t\t\t\tclass=\"rs-layer dentrarario-home1-static-text2\"\n\t\t\t\t\t\t\t\thref=\"\/kontakt\" target=\"_self\"\n\t\t\t\t\t\t\t\tdata-type=\"text\"\n\t\t\t\t\t\t\t\tdata-color=\"rgba(110,120,124,1)\"\n\t\t\t\t\t\t\t\tdata-rsp_ch=\"on\"\n\t\t\t\t\t\t\t\tdata-xy=\"x:354px;y:217px;\"\n\t\t\t\t\t\t\t\tdata-text=\"s:16;l:25;ls:2px;fw:300;\"\n\t\t\t\t\t\t\t\tdata-frame_0=\"sX:0.9;sY:0.9;\"\n\t\t\t\t\t\t\t\tdata-frame_1=\"e:power2.out;st:1000;sp:1000;\"\n\t\t\t\t\t\t\t\tdata-frame_999=\"o:0;e:nothing;st:8600;sp:600;\"\n\t\t\t\t\t\t\t\tstyle=\"z-index:6;font-family:'Poppins';\"\n\t\t\t\t\t\t\t>Gesunde Z\u00e4hne ein Leben lang.\n<br><br><b>\n<a href=\"\/kontakt\">Jetzt Termin vereinbaren<\/a><\/b> \n\t\t\t\t\t\t\t<\/a><!--\n\n\t\t\t\t\t\t\t--><rs-layer\n\t\t\t\t\t\t\t\tid=\"slider-3-slide-7-layer-4\" \n\t\t\t\t\t\t\t\tclass=\"dentrarario-home1-static-header\"\n\t\t\t\t\t\t\t\tdata-type=\"text\"\n\t\t\t\t\t\t\t\tdata-color=\"rgba(48,56,59,1)\"\n\t\t\t\t\t\t\t\tdata-rsp_ch=\"on\"\n\t\t\t\t\t\t\t\tdata-xy=\"x:350px;y:98px;\"\n\t\t\t\t\t\t\t\tdata-text=\"s:42;l:48;fw:300;\"\n\t\t\t\t\t\t\t\tdata-frame_0=\"sX:0.8;sY:0.8;\"\n\t\t\t\t\t\t\t\tdata-frame_1=\"e:power4.out;st:1500;sp:1500;\"\n\t\t\t\t\t\t\t\tdata-frame_999=\"o:0;e:nothing;st:8600;sp:600;\"\n\t\t\t\t\t\t\t\tstyle=\"z-index:8;font-family:'Open Sans';\"\n\t\t\t\t\t\t\t>Zahnarztpraxis Dr. Steffen Pfleger<br\/>\nHirschaid \/ Sassanfahrt \n\t\t\t\t\t\t\t<\/rs-layer><!--\n-->\t\t\t\t\t<\/rs-slide>\n\t\t\t\t\t\t<rs-slide style=\"position: absolute;\" data-key=\"rs-9\" data-title=\"Slide\" data-thumb=\"\/\/www.zahnarzt-pfleger.de\/wp-zahnarzt\/wp2026\/wp-zahnarzt\/wp-content\/uploads\/2017\/01\/BG3-2-100x50.jpg\" data-anim=\"adpr:false;\" data-in=\"o:0;\" data-out=\"a:false;\">\n\t\t\t\t\t\t\t<img decoding=\"async\" src=\"\/\/www.zahnarzt-pfleger.de\/wp-zahnarzt\/wp2026\/wp-zahnarzt\/wp-content\/plugins\/revslider\/sr6\/assets\/assets\/dummy.png\" alt=\"\" title=\"Home\" class=\"rev-slidebg tp-rs-img rs-lazyload\" data-lazyload=\"\/\/www.zahnarzt-pfleger.de\/wp-zahnarzt\/wp2026\/wp-zahnarzt\/wp-content\/uploads\/2017\/01\/BG3-2.jpg\" data-parallax=\"off\" data-no-retina>\n<!--\n\t\t\t\t\t\t\t--><rs-layer\n\t\t\t\t\t\t\t\tid=\"slider-3-slide-9-layer-1\" \n\t\t\t\t\t\t\t\tdata-type=\"image\"\n\t\t\t\t\t\t\t\tdata-rsp_ch=\"on\"\n\t\t\t\t\t\t\t\tdata-xy=\"x:-31px;y:-1px;\"\n\t\t\t\t\t\t\t\tdata-text=\"l:22;\"\n\t\t\t\t\t\t\t\tdata-dim=\"w:623px;h:517px;\"\n\t\t\t\t\t\t\t\tdata-frame_0=\"sX:2;sY:2;\"\n\t\t\t\t\t\t\t\tdata-frame_0_mask=\"u:t;\"\n\t\t\t\t\t\t\t\tdata-frame_1=\"e:power2.out;st:750;sp:1500;\"\n\t\t\t\t\t\t\t\tdata-frame_1_mask=\"u:t;\"\n\t\t\t\t\t\t\t\tdata-frame_999=\"sX:1.25;sY:1.25;o:0;e:power0.inOut;st:8610;sp:590;\"\n\t\t\t\t\t\t\t\tstyle=\"z-index:5;\"\n\t\t\t\t\t\t\t><img decoding=\"async\" src=\"\/\/www.zahnarzt-pfleger.de\/wp-zahnarzt\/wp2026\/wp-zahnarzt\/wp-content\/plugins\/revslider\/sr6\/assets\/assets\/dummy.png\" alt=\"\" class=\"tp-rs-img rs-lazyload\" width=\"623\" height=\"517\" data-lazyload=\"\/\/www.zahnarzt-pfleger.de\/wp-zahnarzt\/wp2026\/wp-zahnarzt\/wp-content\/uploads\/2017\/01\/zahn.png\" data-no-retina> \n\t\t\t\t\t\t\t<\/rs-layer><!--\n\n\t\t\t\t\t\t\t--><rs-layer\n\t\t\t\t\t\t\t\tid=\"slider-3-slide-9-layer-2\" \n\t\t\t\t\t\t\t\tclass=\"dentrarario-home1-static-text2\"\n\t\t\t\t\t\t\t\tdata-type=\"text\"\n\t\t\t\t\t\t\t\tdata-color=\"rgba(110,120,124,1)\"\n\t\t\t\t\t\t\t\tdata-rsp_ch=\"on\"\n\t\t\t\t\t\t\t\tdata-xy=\"x:626px;y:230px;\"\n\t\t\t\t\t\t\t\tdata-text=\"w:normal;s:16;l:25;ls:2px;fw:300;\"\n\t\t\t\t\t\t\t\tdata-dim=\"w:645px;\"\n\t\t\t\t\t\t\t\tdata-frame_0=\"sX:2;sY:2;\"\n\t\t\t\t\t\t\t\tdata-frame_0_mask=\"u:t;\"\n\t\t\t\t\t\t\t\tdata-frame_1=\"e:power2.out;st:750;sp:1500;\"\n\t\t\t\t\t\t\t\tdata-frame_1_mask=\"u:t;\"\n\t\t\t\t\t\t\t\tdata-frame_999=\"o:0;e:nothing;st:8610;sp:590;\"\n\t\t\t\t\t\t\t\tstyle=\"z-index:6;font-family:'Poppins';\"\n\t\t\t\t\t\t\t>Von der Vorsorge (Prophylaxe) \u00fcber die Behandlung von <br\/>Zahnerkrankungen samt chirurgischer Eingriffe bis hin zu<br\/> \u00e4sthetischen Zahnleistungen sind wir Ihr Zahnarzt. \n\t\t\t\t\t\t\t<\/rs-layer><!--\n\n\t\t\t\t\t\t\t--><rs-layer\n\t\t\t\t\t\t\t\tid=\"slider-3-slide-9-layer-3\" \n\t\t\t\t\t\t\t\tclass=\"button dentrarario-home1-static-text\"\n\t\t\t\t\t\t\t\tdata-type=\"text\"\n\t\t\t\t\t\t\t\tdata-color=\"rgba(110,120,124,1)\"\n\t\t\t\t\t\t\t\tdata-rsp_ch=\"on\"\n\t\t\t\t\t\t\t\tdata-xy=\"x:626px;y:338px;\"\n\t\t\t\t\t\t\t\tdata-text=\"s:16;l:25;ls:2px;fw:300;\"\n\t\t\t\t\t\t\t\tdata-frame_0=\"sX:2;sY:2;\"\n\t\t\t\t\t\t\t\tdata-frame_0_mask=\"u:t;\"\n\t\t\t\t\t\t\t\tdata-frame_1=\"e:power2.out;st:1000;sp:1500;\"\n\t\t\t\t\t\t\t\tdata-frame_1_mask=\"u:t;\"\n\t\t\t\t\t\t\t\tdata-frame_999=\"o:0;e:nothing;st:8600;sp:600;\"\n\t\t\t\t\t\t\t\tstyle=\"z-index:7;font-family:'Poppins';\"\n\t\t\t\t\t\t\t>[trx_button size=\"medium\" align=\"left\" link=\"leistungen\"]Unsere Leistungen[\/trx_button] \n\t\t\t\t\t\t\t<\/rs-layer><!--\n\n\t\t\t\t\t\t\t--><rs-layer\n\t\t\t\t\t\t\t\tid=\"slider-3-slide-9-layer-4\" \n\t\t\t\t\t\t\t\tclass=\"dentrarario-home1-static-header\"\n\t\t\t\t\t\t\t\tdata-type=\"text\"\n\t\t\t\t\t\t\t\tdata-color=\"rgba(48,56,59,1)\"\n\t\t\t\t\t\t\t\tdata-rsp_ch=\"on\"\n\t\t\t\t\t\t\t\tdata-xy=\"x:622px;y:110px;\"\n\t\t\t\t\t\t\t\tdata-text=\"s:42;l:48;fw:300;\"\n\t\t\t\t\t\t\t\tdata-frame_0=\"sX:2;sY:2;\"\n\t\t\t\t\t\t\t\tdata-frame_0_mask=\"u:t;\"\n\t\t\t\t\t\t\t\tdata-frame_1=\"e:power2.out;st:500;sp:1500;\"\n\t\t\t\t\t\t\t\tdata-frame_1_mask=\"u:t;\"\n\t\t\t\t\t\t\t\tdata-frame_999=\"o:0;e:nothing;st:8600;sp:600;\"\n\t\t\t\t\t\t\t\tstyle=\"z-index:8;font-family:'Open Sans';\"\n\t\t\t\t\t\t\t>Weil gesunde Z\u00e4hne<br\/>Lebensfreude sind \n\t\t\t\t\t\t\t<\/rs-layer><!--\n-->\t\t\t\t\t<\/rs-slide>\n\t\t\t\t\t<\/rs-slides>\n\t\t\t\t<\/rs-module>\n\t\t\t\t<script>\n\t\t\t\t\tsetREVStartSize({c: 'rev_slider_3_1',rl:[1240,1024,778,480],el:[517],gw:[1240],gh:[517],type:'standard',justify:'',layout:'fullwidth',mh:\"0\"});if (window.RS_MODULES!==undefined && window.RS_MODULES.modules!==undefined && window.RS_MODULES.modules[\"revslider31\"]!==undefined) {window.RS_MODULES.modules[\"revslider31\"].once = false;window.revapi3 = undefined;if (window.RS_MODULES.checkMinimal!==undefined) window.RS_MODULES.checkMinimal()}\n\t\t\t\t<\/script>\n\t\t\t<\/rs-module-wrap>\n\t\t\t<!-- END REVOLUTION SLIDER -->\n<\/div>\t\t\t<\/div>\n\t\t\t<\/aside><\/div>\t\t\t\t<\/div>\n\t\t\t\t<\/div>\n\t\t\t\t\t<\/div>\n\t\t\t\t<\/div>\n\t\t<div class=\"elementor-element elementor-element-33364bfe e-flex e-con-boxed sc_layouts_column_icons_position_left e-con e-parent\" data-id=\"33364bfe\" data-element_type=\"container\" data-e-type=\"container\">\n\t\t\t\t\t<div class=\"e-con-inner\">\n\t\t\t\t<div class=\"elementor-element elementor-element-478c73cd sc_fly_static elementor-widget elementor-widget-text-editor\" data-id=\"478c73cd\" data-element_type=\"widget\" data-e-type=\"widget\" data-widget_type=\"text-editor.default\">\n\t\t\t\t\t\t\t\t\t[vc_row][vc_column][trx_title type=&#8220;2&#8243; align=&#8220;center&#8220; top=&#8220;medium&#8220; bottom=&#8220;null&#8220;]Herzlich Willkommen in der Zahnarztpraxis Dr. Pfleger[\/trx_title][vc_custom_heading text=&#8220;in Hirschaid \/ Sassanfahrt&#8220; font_container=&#8220;tag:h6|font_size:14px|text_align:center|color:%23888888&#8243; google_fonts=&#8220;font_family:Merriweather%3A300%2C300italic%2Cregular%2Citalic%2C700%2C700italic%2C900%2C900italic|font_style:300%20light%20regular%3A300%3Anormal&#8220; css=&#8220;.vc_custom_1484214232395{margin-bottom: 0px !important;}&#8220;][trx_columns equal=&#8220;yes&#8220; margins=&#8220;&#8220;][trx_column_item][vc_empty_space height=&#8220;50px&#8220;][vc_single_image image=&#8220;2600&#8243; img_size=&#8220;full&#8220; style=&#8220;vc_box_rounded&#8220; css=&#8220;&#8220;][\/trx_column_item][trx_column_item][vc_empty_space height=&#8220;50px&#8220; el_class=&#8220;hidden-xs&#8220;][vc_column_text]<strong>Gesunde und sch\u00f6ne Z\u00e4hne<\/strong> sind wichtig f\u00fcr <strong>Ihr Wohlbefinden<\/strong> und eine hohe Lebensqualit\u00e4t.\r\n\r\nDeshalb bieten wir Ihnen in unserer <strong>Zahnarztpraxis in Hirschaid \/ Sassanfahrt<\/strong>\u00a0das gesamte Spektrum der Zahnmedizin und die bestm\u00f6gliche zahnmedizinische Versorgung nach aktuell geltenden wissenschaftlichen Erkenntnissen.\r\n\r\nDabei f\u00fchlen wir uns besonders Ihren Bed\u00fcrfnissen und Vorstellungen verpflichtet. Neben dem Anspruch auf <strong>h\u00f6chste Qualit\u00e4t<\/strong> legen wir sehr viel Wert darauf, dass sich <strong>alle Patienten &#8211; von Klein bis Gro\u00df<\/strong> &#8211; jederzeit bei uns wohl und richtig gut aufgehoben f\u00fchlen.\r\n\r\n<strong>Wir freuen uns auf Ihren Besuch!<\/strong>\r\n\r\n<img decoding=\"async\" class=\"alignnone size-full wp-image-2072\" src=\"https:\/\/www.zahnarzt-pfleger.de\/wp-zahnarzt\/wp2026\/wp-zahnarzt\/wp-content\/uploads\/2016\/01\/unterschrift-steffen-pfleger.jpg\" alt=\"Dr. Steffen Pfleger Zahnarzt Hirschaid Sassanfahrt\" width=\"184\" height=\"26\" \/>[\/vc_column_text][vc_empty_space height=&#8220;50px&#8220;][\/trx_column_item][\/trx_columns][\/vc_column][\/vc_row][vc_row full_width=&#8220;stretch_row_content_no_spaces&#8220; scheme=&#8220;steffen_farben&#8220;][vc_column][trx_call_to_action style=&#8220;1&#8243; align=&#8220;center&#8220; accent=&#8220;yes&#8220; title=&#8220;Jetzt Termin vereinbaren&#8220; description=&#8220;Telefon: 09543-3666&#8243;][\/trx_call_to_action][\/vc_column][\/vc_row][vc_row full_width=&#8220;stretch_row&#8220; css=&#8220;.vc_custom_1455704765009{background-color: #fbfdfd !important;}&#8220;][vc_column][trx_title type=&#8220;3&#8243; align=&#8220;center&#8220; top=&#8220;small&#8220; bottom=&#8220;small&#8220;]\r\n<p style=\"text-align: center;\">Unsere Leistungen<\/p>\r\n[\/trx_title][\/vc_column][vc_column width=&#8220;1\/4&#8243;][trx_icon icon=&#8220;icon-medic-6&#8243; color=&#8220;#e9630d&#8220; font_size=&#8220;55&#8243; font_weight=&#8220;400&#8243; align=&#8220;center&#8220; link=&#8220;\/leistungen&#8220; top=&#8220;tiny&#8220; bottom=&#8220;tiny&#8220;][vc_column_text]\r\n<p style=\"text-align: center;\">Prophylaxe<\/p>\r\n[\/vc_column_text][vc_empty_space height=&#8220;80px&#8220;][\/vc_column][vc_column width=&#8220;1\/4&#8243;][trx_icon icon=&#8220;icon-medic-19&#8243; color=&#8220;#e9630d&#8220; font_size=&#8220;55&#8243; font_weight=&#8220;400&#8243; align=&#8220;center&#8220; link=&#8220;\/leistungen&#8220; top=&#8220;tiny&#8220; bottom=&#8220;tiny&#8220;][vc_column_text]\r\n<p style=\"text-align: center;\">Parodontologie<\/p>\r\n[\/vc_column_text][vc_empty_space height=&#8220;80px&#8220;][\/vc_column][vc_column width=&#8220;1\/4&#8243;][trx_icon icon=&#8220;icon-medic-13&#8243; color=&#8220;#e9630d&#8220; font_size=&#8220;55&#8243; font_weight=&#8220;400&#8243; align=&#8220;center&#8220; link=&#8220;\/leistungen&#8220; top=&#8220;tiny&#8220; bottom=&#8220;tiny&#8220;][vc_column_text]\r\n<p style=\"text-align: center;\">Implantologie<\/p>\r\n[\/vc_column_text][vc_empty_space height=&#8220;80px&#8220;][\/vc_column][vc_column width=&#8220;1\/4&#8243;][trx_icon icon=&#8220;icon-medic-2&#8243; color=&#8220;#e9630d&#8220; font_size=&#8220;55&#8243; font_weight=&#8220;400&#8243; align=&#8220;center&#8220; link=&#8220;\/leistungen&#8220; top=&#8220;tiny&#8220; bottom=&#8220;tiny&#8220;][vc_column_text]\r\n<p style=\"text-align: center;\">Kinderzahnheilkunde<\/p>\r\n[\/vc_column_text][vc_empty_space height=&#8220;80px&#8220;][\/vc_column][\/vc_row][vc_row full_width=&#8220;stretch_row&#8220; css=&#8220;.vc_custom_1455704765009{background-color: #fbfdfd !important;}&#8220;][vc_column width=&#8220;1\/3&#8243;][trx_icon icon=&#8220;icon-medic-8&#8243; color=&#8220;#e9630d&#8220; font_size=&#8220;55&#8243; font_weight=&#8220;400&#8243; align=&#8220;center&#8220; link=&#8220;\/leistungen&#8220; top=&#8220;tiny&#8220; bottom=&#8220;tiny&#8220;][vc_column_text]\r\n<p style=\"text-align: center;\">Zahnerhaltung \/ F\u00fcllungstherapie<\/p>\r\n[\/vc_column_text][vc_empty_space height=&#8220;75px&#8220;][\/vc_column][vc_column width=&#8220;1\/3&#8243;][trx_icon icon=&#8220;icon-medic-9&#8243; color=&#8220;#e9630d&#8220; font_size=&#8220;55&#8243; font_weight=&#8220;400&#8243; align=&#8220;center&#8220; link=&#8220;\/leistungen&#8220; top=&#8220;tiny&#8220; bottom=&#8220;tiny&#8220;][vc_column_text]\r\n<p style=\"text-align: center;\">Endodontie \/ Wurzelkanalbehandlung<\/p>\r\n[\/vc_column_text][vc_empty_space height=&#8220;75px&#8220;][\/vc_column][vc_column width=&#8220;1\/3&#8243;][trx_icon icon=&#8220;icon-medic-12&#8243; color=&#8220;#e9630d&#8220; font_size=&#8220;55&#8243; font_weight=&#8220;400&#8243; align=&#8220;center&#8220; link=&#8220;\/leistungen&#8220; top=&#8220;tiny&#8220; bottom=&#8220;tiny&#8220;][vc_column_text]\r\n<p style=\"text-align: center;\">\u00c4sthetik<\/p>\r\n[\/vc_column_text][vc_empty_space height=&#8220;80px&#8220;][\/vc_column][\/vc_row][vc_row full_width=&#8220;stretch_row&#8220; css=&#8220;.vc_custom_1455704765009{background-color: #fbfdfd !important;}&#8220;][vc_column width=&#8220;1\/4&#8243;][vc_empty_space height=&#8220;75px&#8220;][\/vc_column][vc_column width=&#8220;1\/4&#8243;][trx_icon icon=&#8220;icon-medic-7&#8243; color=&#8220;#e9630d&#8220; font_size=&#8220;55&#8243; font_weight=&#8220;400&#8243; align=&#8220;center&#8220; link=&#8220;\/leistungen&#8220; top=&#8220;tiny&#8220; bottom=&#8220;tiny&#8220;][vc_column_text]\r\n<p style=\"text-align: center;\">Intraoralscanner<\/p>\r\n[\/vc_column_text][vc_empty_space height=&#8220;80px&#8220;][\/vc_column][vc_column width=&#8220;1\/4&#8243;][trx_icon icon=&#8220;icon-medic-3&#8243; color=&#8220;#e9630d&#8220; font_size=&#8220;55&#8243; font_weight=&#8220;400&#8243; align=&#8220;center&#8220; link=&#8220;\/leistungen&#8220; top=&#8220;tiny&#8220; bottom=&#8220;tiny&#8220;][vc_column_text]\r\n<p style=\"text-align: center;\">Zahn\u00e4rztliche Chirurgie<\/p>\r\n[\/vc_column_text][vc_empty_space height=&#8220;75px&#8220;][\/vc_column][vc_column width=&#8220;1\/4&#8243;][\/vc_column][\/vc_row][vc_row full_width=&#8220;stretch_row&#8220; css=&#8220;.vc_custom_1455704765009{background-color: #fbfdfd !important;}&#8220;][vc_column][vc_row_inner][vc_column_inner][vc_column_text]<img loading=\"lazy\" decoding=\"async\" class=\"size-medium wp-image-2326 aligncenter\" src=\"https:\/\/www.zahnarzt-pfleger.de\/wp-zahnarzt\/wp2026\/wp-zahnarzt\/wp-content\/uploads\/2019\/06\/PZlogo-QUER_500-300x66.jpg\" alt=\"\" width=\"300\" height=\"66\" srcset=\"https:\/\/www.zahnarzt-pfleger.de\/wp-zahnarzt\/wp2026\/wp-zahnarzt\/wp-content\/uploads\/2019\/06\/PZlogo-QUER_500-300x66.jpg 300w, https:\/\/www.zahnarzt-pfleger.de\/wp-zahnarzt\/wp2026\/wp-zahnarzt\/wp-content\/uploads\/2019\/06\/PZlogo-QUER_500.jpg 500w\" sizes=\"(max-width: 300px) 100vw, 300px\" \/>[\/vc_column_text][\/vc_column_inner][\/vc_row_inner][\/vc_column][\/vc_row][vc_row full_width=&#8220;stretch_row_content&#8220;][vc_column][vc_empty_space][trx_title type=&#8220;3&#8243; align=&#8220;center&#8220; top=&#8220;small&#8220; bottom=&#8220;small&#8220;]Ihre Zahnarztpraxis in Hirschaid \/ Sassanfahrt[\/trx_title][vc_empty_space][vc_raw_html]JTVCd3BnbXphJTIwaWQlM0QlMjIxJTIyJTVE[\/vc_raw_html][\/vc_column][\/vc_row]\t\t\t\t\t\t\t\t<\/div>\n\t\t\t\t\t<\/div>\n\t\t\t\t<\/div>\n\t\t\t\t<\/div>\n\t\t","protected":false},"excerpt":{"rendered":"<p>[vc_row][vc_column][trx_title type=&#8220;2&#8243; align=&#8220;center&#8220; top=&#8220;medium&#8220; bottom=&#8220;null&#8220;]Herzlich Willkommen in der Zahnarztpraxis Dr. Pfleger[\/trx_title][vc_custom_heading text=&#8220;in Hirschaid \/ Sassanfahrt&#8220; font_container=&#8220;tag:h6|font_size:14px|text_align:center|color:%23888888&#8243; google_fonts=&#8220;font_family:Merriweather%3A300%2C300italic%2Cregular%2Citalic%2C700%2C700italic%2C900%2C900italic|font_style:300%20light%20regular%3A300%3Anormal&#8220; css=&#8220;.vc_custom_1484214232395{margin-bottom: 0px !important;}&#8220;][trx_columns equal=&#8220;yes&#8220; margins=&#8220;&#8220;][trx_column_item][vc_empty_space height=&#8220;50px&#8220;][vc_single_image image=&#8220;2600&#8243; img_size=&#8220;full&#8220; style=&#8220;vc_box_rounded&#8220; css=&#8220;&#8220;][\/trx_column_item][trx_column_item][vc_empty_space height=&#8220;50px&#8220; el_class=&#8220;hidden-xs&#8220;][vc_column_text]Gesunde und&hellip;<\/p>\n","protected":false},"author":1,"featured_media":0,"parent":0,"menu_order":0,"comment_status":"closed","ping_status":"closed","template":"","meta":{"footnotes":""},"class_list":["post-2","page","type-page","status-publish","hentry"],"_links":{"self":[{"href":"https:\/\/www.zahnarzt-pfleger.de\/wp-zahnarzt\/wp2026\/wp-json\/wp\/v2\/pages\/2","targetHints":{"allow":["GET"]}}],"collection":[{"href":"https:\/\/www.zahnarzt-pfleger.de\/wp-zahnarzt\/wp2026\/wp-json\/wp\/v2\/pages"}],"about":[{"href":"https:\/\/www.zahnarzt-pfleger.de\/wp-zahnarzt\/wp2026\/wp-json\/wp\/v2\/types\/page"}],"author":[{"embeddable":true,"href":"https:\/\/www.zahnarzt-pfleger.de\/wp-zahnarzt\/wp2026\/wp-json\/wp\/v2\/users\/1"}],"replies":[{"embeddable":true,"href":"https:\/\/www.zahnarzt-pfleger.de\/wp-zahnarzt\/wp2026\/wp-json\/wp\/v2\/comments?post=2"}],"version-history":[{"count":78,"href":"https:\/\/www.zahnarzt-pfleger.de\/wp-zahnarzt\/wp2026\/wp-json\/wp\/v2\/pages\/2\/revisions"}],"predecessor-version":[{"id":2693,"href":"https:\/\/www.zahnarzt-pfleger.de\/wp-zahnarzt\/wp2026\/wp-json\/wp\/v2\/pages\/2\/revisions\/2693"}],"wp:attachment":[{"href":"https:\/\/www.zahnarzt-pfleger.de\/wp-zahnarzt\/wp2026\/wp-json\/wp\/v2\/media?parent=2"}],"curies":[{"name":"wp","href":"https:\/\/api.w.org\/{rel}","templated":true}]}}